{"id":64,"date":"2014-12-16T19:56:48","date_gmt":"2014-12-16T17:56:48","guid":{"rendered":"http:\/\/ogv-rohracker.info\/?page_id=64"},"modified":"2022-05-26T18:23:58","modified_gmt":"2022-05-26T16:23:58","slug":"ogv-rohracker","status":"publish","type":"page","link":"https:\/\/ogv-rohracker.info\/?page_id=64","title":{"rendered":"OGV Rohracker"},"content":{"rendered":"<div class=\"wp-block-image\">\n<figure class=\"alignright size-full is-resized\"><img loading=\"lazy\" decoding=\"async\" src=\"http:\/\/ogv-rohracker.info\/wp-content\/uploads\/BildWebsite2022-scaled.jpg\" alt=\"\" class=\"wp-image-1035\" width=\"287\" height=\"383\" srcset=\"https:\/\/ogv-rohracker.info\/wp-content\/uploads\/BildWebsite2022-scaled.jpg 1920w, https:\/\/ogv-rohracker.info\/wp-content\/uploads\/BildWebsite2022-375x500.jpg 375w, https:\/\/ogv-rohracker.info\/wp-content\/uploads\/BildWebsite2022-768x1024.jpg 768w, https:\/\/ogv-rohracker.info\/wp-content\/uploads\/BildWebsite2022-1152x1536.jpg 1152w, https:\/\/ogv-rohracker.info\/wp-content\/uploads\/BildWebsite2022-1536x2048.jpg 1536w\" sizes=\"auto, (max-width: 287px) 100vw, 287px\" \/><\/figure>\n<\/div>\n\n\n<p>Liebe Gartenbesitzer und alle die es noch werden m\u00f6chten!<\/p>\n\n\n\n<p>Unser Verein hat sich unter anderem zur Aufgabe gemacht:<\/p>\n\n\n\n<ul class=\"wp-block-list\"><li>die F\u00f6rderung des Obstbaus,<\/li><li>die Erhaltung der Kulturlandschaft,<\/li><li>die Heimatpflege,<\/li><li>und den Umweltschutz.<\/li><\/ul>\n\n\n\n<p>Dabei gilt: <\/p>\n\n\n\n<p>Mehr Wissen bedeutet mehr Freude und Erfolg!<\/p>\n\n\n\n<p>Sie haben einen Garten gekauft oder gepachtet und wissen nicht was alles zu tun ist? Rufen Sie uns an. Wir geben gerne ein paar Tipps.<\/p>\n\n\n\n<p>Mehrmals im Jahr f\u00fchren wir Schnittunterweisungen f\u00fcr Mitglieder und interessierte G\u00e4ste durch. Diese Termine sind alle kostenlos.<\/p>\n\n\n\n<p>Unsere Frauengruppe ist das ganze Jahr \u00fcber aktiv und erarbeitet zum Beispiel Dekorationen f\u00fcr den Osterbrunnen und das Maifest. Au\u00dferdem binden sie&nbsp; Adventskr\u00e4nze zum Verkauf auf dem Weihnachtsmarkt. Auch hier sind interessierte Frauen herzlich willkommen!<\/p>\n\n\n\n<p>Ein echtes Highlight ist unsere Kooperation mit der Tiefenbachschule, der Grundschule bei uns am Ort. Mit allen 4 Klassenstufen treffen wir uns f\u00fcr kleine Projekte und bringen so den Kindern die Natur ein St\u00fcck n\u00e4her. Unterst\u00fctzen Sie unseren Verein durch Ihre Mitgliedschaft!<\/p>\n","protected":false},"excerpt":{"rendered":"<p>Liebe Gartenbesitzer und alle die es noch werden m\u00f6chten! Unser Verein hat sich unter anderem zur Aufgabe gemacht: die F\u00f6rderung des Obstbaus, die Erhaltung der Kulturlandschaft, die Heimatpflege, und den &hellip; <a href=\"https:\/\/ogv-rohracker.info\/?page_id=64\" class=\"more-link\"><span class=\"screen-reader-text\">OGV Rohracker<\/span> weiterlesen <span class=\"meta-nav\">&rarr;<\/span><\/a><\/p>\n","protected":false},"author":1,"featured_media":0,"parent":0,"menu_order":0,"comment_status":"closed","ping_status":"closed","template":"","meta":{"inline_featured_image":false,"footnotes":""},"class_list":["post-64","page","type-page","status-publish","hentry"],"_links":{"self":[{"href":"https:\/\/ogv-rohracker.info\/index.php?rest_route=\/wp\/v2\/pages\/64","targetHints":{"allow":["GET"]}}],"collection":[{"href":"https:\/\/ogv-rohracker.info\/index.php?rest_route=\/wp\/v2\/pages"}],"about":[{"href":"https:\/\/ogv-rohracker.info\/index.php?rest_route=\/wp\/v2\/types\/page"}],"author":[{"embeddable":true,"href":"https:\/\/ogv-rohracker.info\/index.php?rest_route=\/wp\/v2\/users\/1"}],"replies":[{"embeddable":true,"href":"https:\/\/ogv-rohracker.info\/index.php?rest_route=%2Fwp%2Fv2%2Fcomments&post=64"}],"version-history":[{"count":5,"href":"https:\/\/ogv-rohracker.info\/index.php?rest_route=\/wp\/v2\/pages\/64\/revisions"}],"predecessor-version":[{"id":1040,"href":"https:\/\/ogv-rohracker.info\/index.php?rest_route=\/wp\/v2\/pages\/64\/revisions\/1040"}],"wp:attachment":[{"href":"https:\/\/ogv-rohracker.info\/index.php?rest_route=%2Fwp%2Fv2%2Fmedia&parent=64"}],"curies":[{"name":"wp","href":"https:\/\/api.w.org\/{rel}","templated":true}]}}