{"id":726,"date":"2018-05-16T19:40:33","date_gmt":"2018-05-16T18:40:33","guid":{"rendered":"http:\/\/ogv-rohracker.info\/?page_id=726"},"modified":"2018-05-16T19:40:33","modified_gmt":"2018-05-16T18:40:33","slug":"haftungsausschluss-copyright","status":"publish","type":"page","link":"https:\/\/ogv-rohracker.info\/?page_id=726","title":{"rendered":"Haftungsausschluss\/Copyright"},"content":{"rendered":"<p>Der OGV-Rohracker haftet bei direkten oder indirekten Verweisen auf fremde Internetseiten (&#8222;Links&#8220;), die au\u00dferhalb seines Verantwortungsbereiches liegen, nicht f\u00fcr deren Inhalte. F\u00fcr illegale, fehlerhafte oder unvollst\u00e4ndige Inhalte und insbesondere f\u00fcr Sch\u00e4den, die aus der Nutzung oder Nichtnutzung solcher Art dargebotener Informationen entstehen, haftet allein der Anbieter der Seite, auf welche verwiesen wurde. Der OGV-Rohracker erkl\u00e4rt hiermit ausdr\u00fccklich, dass zum Zeitpunkt der Linksetzung die entsprechenden verlinkten Seiten seiner Kenntnis nach frei von illegalen Inhalten waren. Auf die aktuelle oder zuk\u00fcnftige Gestaltung, die Inhalte oder Urheberschaft der verlinkten\/verkn\u00fcpften Seiten hat der OGV-Rohracker keinerlei Einfluss. Deshalb distanziert er sich hiermit ausdr\u00fccklich von allen Inhalten der verlinkten\/verkn\u00fcpften Seiten, die nach der Linksetzung ver\u00e4ndert wurden.<\/p>\n<p>Namentlich gekennzeichnete Beitr\u00e4ge geben nicht unbedingt die Meinung der Verantwortlichen wider. Das Copyright sowie die Verantwortung f\u00fcr die publizierten Inhalte liegen ausschlie\u00dflich bei den jeweiligen Autoren.<\/p>\n<p>Ausz\u00fcge aus den Texten sind mit Quellenangaben ausdr\u00fccklich gestattet. Soweit in diesen Webseiten Texte oder Grafiken verwendet wurden, die urheberrechtlich gesch\u00fctzt sind oder Rechte Dritter verletzen, so geschah dies trotz gewissenhafter Pr\u00fcfung und ohne jeden Vorsatz. Bitte informieren Sie uns, wenn Ihnen entsprechende Inhalte auffallen sollten.<\/p>\n<p>&nbsp;<\/p>\n","protected":false},"excerpt":{"rendered":"<p>Der OGV-Rohracker haftet bei direkten oder indirekten Verweisen auf fremde Internetseiten (&#8222;Links&#8220;), die au\u00dferhalb seines Verantwortungsbereiches liegen, nicht f\u00fcr deren Inhalte. F\u00fcr illegale, fehlerhafte oder unvollst\u00e4ndige Inhalte und insbesondere f\u00fcr &hellip; <a href=\"https:\/\/ogv-rohracker.info\/?page_id=726\" class=\"more-link\"><span class=\"screen-reader-text\">Haftungsausschluss\/Copyright<\/span> weiterlesen <span class=\"meta-nav\">&rarr;<\/span><\/a><\/p>\n","protected":false},"author":1,"featured_media":0,"parent":0,"menu_order":0,"comment_status":"closed","ping_status":"closed","template":"","meta":{"inline_featured_image":false,"footnotes":""},"class_list":["post-726","page","type-page","status-publish","hentry"],"_links":{"self":[{"href":"https:\/\/ogv-rohracker.info\/index.php?rest_route=\/wp\/v2\/pages\/726","targetHints":{"allow":["GET"]}}],"collection":[{"href":"https:\/\/ogv-rohracker.info\/index.php?rest_route=\/wp\/v2\/pages"}],"about":[{"href":"https:\/\/ogv-rohracker.info\/index.php?rest_route=\/wp\/v2\/types\/page"}],"author":[{"embeddable":true,"href":"https:\/\/ogv-rohracker.info\/index.php?rest_route=\/wp\/v2\/users\/1"}],"replies":[{"embeddable":true,"href":"https:\/\/ogv-rohracker.info\/index.php?rest_route=%2Fwp%2Fv2%2Fcomments&post=726"}],"version-history":[{"count":2,"href":"https:\/\/ogv-rohracker.info\/index.php?rest_route=\/wp\/v2\/pages\/726\/revisions"}],"predecessor-version":[{"id":728,"href":"https:\/\/ogv-rohracker.info\/index.php?rest_route=\/wp\/v2\/pages\/726\/revisions\/728"}],"wp:attachment":[{"href":"https:\/\/ogv-rohracker.info\/index.php?rest_route=%2Fwp%2Fv2%2Fmedia&parent=726"}],"curies":[{"name":"wp","href":"https:\/\/api.w.org\/{rel}","templated":true}]}}